{"id":958,"date":"2020-10-22T10:01:25","date_gmt":"2020-10-22T10:01:25","guid":{"rendered":"https:\/\/supervalem.ee\/pricing-faq\/"},"modified":"2022-08-18T09:39:07","modified_gmt":"2022-08-18T06:39:07","slug":"hinnad-kkk","status":"publish","type":"page","link":"https:\/\/www.supervalem.ee\/en\/hinnad-kkk\/","title":{"rendered":"Prices &amp; FAQ"},"content":{"rendered":"<div class=\"wp-block-cover alignfull\" style=\"min-height:100px;aspect-ratio:unset;\"><span aria-hidden=\"true\" class=\"wp-block-cover__background has-ast-global-color-1-background-color has-background-dim-100 has-background-dim\"><\/span><div class=\"wp-block-cover__inner-container is-layout-flow wp-block-cover-is-layout-flow\">\n<h1 class=\"has-white-color has-text-color wp-block-heading\" id=\"hinnad-kkk\">Prices &amp; FAQ<\/h1>\n\n\n\n<p>Supervalem.ee is from investors for investors. We keep our prices reasonably low so that using supervalem.ee is as cheap as possible for your invested capital.<\/p>\n<\/div><\/div>\n\n\n\n<div class=\"inherit-container-width wp-block-group alignfull has-ast-global-color-5-background-color has-background is-layout-constrained wp-block-group-is-layout-constrained\"><div class=\"wp-block-group__inner-container\">\n<div class=\"wp-block-columns are-vertically-aligned-center is-layout-flex wp-container-core-columns-is-layout-28f84493 wp-block-columns-is-layout-flex\">\n<div class=\"wp-block-column is-vertically-aligned-center is-layout-flow wp-block-column-is-layout-flow\" style=\"flex-basis:33.33%\">\n<h2 class=\"wp-block-heading\" id=\"liitumispaketid\">Membership plans<\/h2>\n<\/div>\n\n\n\n<div class=\"wp-block-column is-vertically-aligned-center is-layout-flow wp-block-column-is-layout-flow\" style=\"flex-basis:66.66%\">\n<p>The Trial, Standard and Lifetime plans grant the same rights to use supervalem.ee. The only difference is the time period during which they expire. The Trial plan is intended as an introduction to supervalem.ee and is also suitable if you plan to invest once or twice a year. If you invest monthly, the Standard plan is more suitable. The membership plans are for a limited period and there is no obligation to repurchase.<\/p>\n\n\n\n<p class=\"translation-block\">All subscription packages come with a <a href=\"\/en\/raha-tagasi-garantii\/\" target=\"_self\">money-back guarantee<\/a>. You can cancel your membership plan for a full refund within 14 days of purchasing your package.<\/p>\n<\/div>\n<\/div>\n<\/div><\/div>\n\n\n\n<div class=\"inherit-container-width wp-block-group alignfull has-ast-global-color-4-background-color has-background is-layout-constrained wp-block-group-is-layout-constrained\"><div class=\"wp-block-group__inner-container\">\n<div class=\"wp-block-columns is-layout-flex wp-container-core-columns-is-layout-28f84493 wp-block-columns-is-layout-flex\">\n<div class=\"wp-block-column is-layout-flow wp-block-column-is-layout-flow\">\n<div class=\"inherit-container-width wp-block-group has-ast-global-color-5-background-color has-background is-layout-constrained wp-block-group-is-layout-constrained\"><div class=\"wp-block-group__inner-container\">\n<h6 class=\"has-text-align-center wp-block-heading\" id=\"proovipakett\">Trial<\/h6>\n\n\n\n<h3 class=\"has-text-align-center wp-block-heading\" id=\"2-45-paeva\">2 \u20ac <sup style=\"font-size: 15px;\">\/45 days<\/sup><\/h3>\n\n\n\n<hr class=\"wp-block-separator has-text-color has-ast-global-color-0-color has-css-opacity has-ast-global-color-0-background-color has-background aligncenter\"\/>\n\n\n\n<ul class=\"has-ast-global-color-2-color has-text-color wp-block-list\"><li>Access Supervalem.ee all content of the page<\/li><li>Valid for 45 days<\/li><\/ul>\n\n\n\n<div class=\"wp-block-buttons is-horizontal is-content-justification-center is-layout-flex wp-container-core-buttons-is-layout-03627597 wp-block-buttons-is-layout-flex\">\n<div class=\"wp-block-button\"><a class=\"wp-block-button__link\" href=\"https:\/\/www.supervalem.ee\/en\/proovipakett\/\">Buy<\/a><\/div>\n<\/div>\n<\/div><\/div>\n<\/div>\n\n\n\n<div class=\"wp-block-column is-layout-flow wp-block-column-is-layout-flow\">\n<div class=\"inherit-container-width wp-block-group has-white-color has-ast-global-color-1-background-color has-text-color has-background is-layout-constrained wp-block-group-is-layout-constrained\"><div class=\"wp-block-group__inner-container\">\n<h6 class=\"has-text-align-center has-white-color has-text-color wp-block-heading\" id=\"taispakett\">Standard<\/h6>\n\n\n\n<h3 class=\"has-text-align-center has-white-color has-text-color wp-block-heading\" id=\"10-aasta\">10 \u20ac <sup style=\"font-size: 15px;\">\/year<\/sup><\/h3>\n\n\n\n<hr class=\"wp-block-separator has-text-color has-ast-global-color-0-color has-css-opacity has-ast-global-color-0-background-color has-background aligncenter\"\/>\n\n\n\n<ul class=\"has-white-color has-text-color wp-block-list\"><li>Access Supervalem.ee all content of the page<\/li><li>Valid for 1 year<\/li><\/ul>\n\n\n\n<div class=\"wp-block-buttons is-horizontal is-content-justification-center is-layout-flex wp-container-core-buttons-is-layout-03627597 wp-block-buttons-is-layout-flex\">\n<div class=\"wp-block-button\"><a class=\"wp-block-button__link\" href=\"https:\/\/www.supervalem.ee\/en\/taispakett\/\">Buy<\/a><\/div>\n<\/div>\n<\/div><\/div>\n<\/div>\n\n\n\n<div class=\"wp-block-column is-layout-flow wp-block-column-is-layout-flow\">\n<div class=\"inherit-container-width wp-block-group has-ast-global-color-5-background-color has-background is-layout-constrained wp-block-group-is-layout-constrained\"><div class=\"wp-block-group__inner-container\">\n<h6 class=\"has-text-align-center wp-block-heading\" id=\"proovipakett\">Lifetime<\/h6>\n\n\n\n<h3 class=\"has-text-align-center wp-block-heading\" id=\"2-45-paeva\">100 \u20ac <sup style=\"font-size: 15px;\">\/unlimited<\/sup><\/h3>\n\n\n\n<hr class=\"wp-block-separator has-text-color has-ast-global-color-0-color has-css-opacity has-ast-global-color-0-background-color has-background aligncenter\"\/>\n\n\n\n<ul class=\"has-ast-global-color-2-color has-text-color wp-block-list\"><li>Access Supervalem.ee all content of the page<\/li><li>Unlimited<\/li><\/ul>\n\n\n\n<div class=\"wp-block-buttons is-horizontal is-content-justification-center is-layout-flex wp-container-core-buttons-is-layout-03627597 wp-block-buttons-is-layout-flex\">\n<div class=\"wp-block-button\"><a class=\"wp-block-button__link\" href=\"https:\/\/www.supervalem.ee\/en\/product\/eluaegne-pakett\/\">Buy<\/a><\/div>\n<\/div>\n<\/div><\/div>\n<\/div>\n<\/div>\n<\/div><\/div>\n\n\n\n<div class=\"inherit-container-width wp-block-group alignfull has-ast-global-color-5-background-color has-background is-layout-constrained wp-block-group-is-layout-constrained\"><div class=\"wp-block-group__inner-container\">\n<div class=\"wp-block-columns alignwide are-vertically-aligned-top is-layout-flex wp-container-core-columns-is-layout-28f84493 wp-block-columns-is-layout-flex\">\n<div class=\"wp-block-column is-vertically-aligned-top is-layout-flow wp-block-column-is-layout-flow\" style=\"flex-basis:33.33%\">\n<h6 class=\"wp-block-heading\" id=\"korduma-kippuvad-kusimused\">Frequently asked questions<\/h6>\n\n\n\n<h2 class=\"wp-block-heading\" id=\"kkk\">FAQ<\/h2>\n\n\n\n<p>Here you will find answers to frequently asked questions.<\/p>\n<\/div>\n\n\n\n<div class=\"wp-block-column is-vertically-aligned-top is-layout-flow wp-block-column-is-layout-flow\" style=\"flex-basis:66.66%\">\n<div class=\"inherit-container-width wp-block-group is-layout-constrained wp-block-group-is-layout-constrained\"><div class=\"wp-block-group__inner-container\">\n<h5 class=\"wp-block-heading\" id=\"kui-sageli-tabelit-uuendatakse\">How often is the table updated?<\/h5>\n\n\n\n<p> Magic formula skoor s\u00f5ltub ettev\u00f5tete kasumiandmetest, varadest ja kohustustest ning aktsia hinnast. Ettev\u00f5tete varade ja kohustuste seis uueneb kord kvartalis, kui avaldatakse v\u00e4rsked kvartaliaruanded. Kasumiandmed arvutame libisevalt viimase nelja kvartali tulemuste p\u00f5hjal. Aktsiahind uueneb praktiliselt reaalajas (kuni 20 min viivitusega).  <\/p>\n<\/div><\/div>\n\n\n\n<p><\/p>\n\n\n\n<div class=\"inherit-container-width wp-block-group is-layout-constrained wp-block-group-is-layout-constrained\"><div class=\"wp-block-group__inner-container\">\n<h5 class=\"wp-block-heading\" id=\"miks-ma-ei-leia-tabelist-pankasid\">Why can't I find banks in the table?<\/h5>\n\n\n\n<p>Financial companies are excluded from the table because their balance sheets are very different from those of ordinary companies. Therefore, the magic formula does not work for financial corporations.<\/p>\n<\/div><\/div>\n\n\n\n<p><\/p>\n\n\n\n<div class=\"inherit-container-width wp-block-group is-layout-constrained wp-block-group-is-layout-constrained\"><div class=\"wp-block-group__inner-container\">\n<h5 class=\"wp-block-heading\" id=\"kas-siin-tabelis-on-pohjamaade-voi-usa-aktsiaid\">Are there Nordic or US stocks in this table?<\/h5>\n\n\n\n<p>No, supervalem.ee only covers the main and secondary list of the Baltic Stock Exchange.<\/p>\n<\/div><\/div>\n<\/div>\n<\/div>\n<\/div><\/div>","protected":false},"excerpt":{"rendered":"<p>Liitumispaketid Proovipakett, T\u00e4ispakett ja Eluaegne pakett annavad samad \u00f5igused supervalem.ee kasutamiseks. Erinev on ainult aeg, mille jooksul need aeguvad. Proovipakett on m\u00f5eldud supervalem.ee lehega tutvumiseks ja sobib h\u00e4sti ka siis, kui plaanid kord v\u00f5i paar aastas investeerida. Igakuiselt investeerides sobib t\u00e4ispakett paremini. Liitumispaketid on t\u00e4htajalised ja kordusostu kohustust ei ole. K\u00f5igi liitumispakettidega kaasneb raha tagasi [&hellip;]<\/p>\n","protected":false},"author":1,"featured_media":0,"parent":0,"menu_order":0,"comment_status":"closed","ping_status":"closed","template":"","meta":{"pmpro_default_level":"0","_monsterinsights_skip_tracking":false,"_monsterinsights_sitenote_active":false,"_monsterinsights_sitenote_note":"","_monsterinsights_sitenote_category":0,"site-sidebar-layout":"no-sidebar","site-content-layout":"plain-container","ast-site-content-layout":"default","site-content-style":"default","site-sidebar-style":"default","ast-global-header-display":"","ast-banner-title-visibility":"","ast-main-header-display":"","ast-hfb-above-header-display":"","ast-hfb-below-header-display":"","ast-hfb-mobile-header-display":"","site-post-title":"disabled","ast-breadcrumbs-content":"disabled","ast-featured-img":"disabled","footer-sml-layout":"","ast-disable-related-posts":"","theme-transparent-header-meta":"disabled","adv-header-id-meta":"","stick-header-meta":"","header-above-stick-meta":"","header-main-stick-meta":"","header-below-stick-meta":"","astra-migrate-meta-layouts":"default","ast-page-background-enabled":"default","ast-page-background-meta":{"desktop":{"background-color":"","background-image":"","background-repeat":"repeat","background-position":"center center","background-size":"auto","background-attachment":"scroll","background-type":"","background-media":"","overlay-type":"","overlay-color":"","overlay-opacity":"","overlay-gradient":""},"tablet":{"background-color":"","background-image":"","background-repeat":"repeat","background-position":"center center","background-size":"auto","background-attachment":"scroll","background-type":"","background-media":"","overlay-type":"","overlay-color":"","overlay-opacity":"","overlay-gradient":""},"mobile":{"background-color":"","background-image":"","background-repeat":"repeat","background-position":"center center","background-size":"auto","background-attachment":"scroll","background-type":"","background-media":"","overlay-type":"","overlay-color":"","overlay-opacity":"","overlay-gradient":""}},"ast-content-background-meta":{"desktop":{"background-color":"var(--ast-global-color-5)","background-image":"","background-repeat":"repeat","background-position":"center center","background-size":"auto","background-attachment":"scroll","background-type":"","background-media":"","overlay-type":"","overlay-color":"","overlay-opacity":"","overlay-gradient":""},"tablet":{"background-color":"var(--ast-global-color-5)","background-image":"","background-repeat":"repeat","background-position":"center center","background-size":"auto","background-attachment":"scroll","background-type":"","background-media":"","overlay-type":"","overlay-color":"","overlay-opacity":"","overlay-gradient":""},"mobile":{"background-color":"var(--ast-global-color-5)","background-image":"","background-repeat":"repeat","background-position":"center center","background-size":"auto","background-attachment":"scroll","background-type":"","background-media":"","overlay-type":"","overlay-color":"","overlay-opacity":"","overlay-gradient":""}},"jetpack_post_was_ever_published":false,"footnotes":""},"class_list":["post-958","page","type-page","status-publish","hentry","pmpro-has-access"],"yoast_head":"<!-- This site is optimized with the Yoast SEO plugin v27.4 - https:\/\/yoast.com\/product\/yoast-seo-wordpress\/ -->\n<title>Hinnad &amp; KKK - Supervalem<\/title>\n<meta name=\"description\" content=\"On 2 liitumisv\u00f5imalust supervalemiga - 45p\u00e4evane proovipakett v\u00f5i aastane t\u00e4ispakett. Kasutajatel on juurdep\u00e4\u00e4s Balti aktsiate edetabelile.\" \/>\n<meta name=\"robots\" content=\"index, follow, max-snippet:-1, max-image-preview:large, max-video-preview:-1\" \/>\n<link rel=\"canonical\" href=\"https:\/\/supervalem.ee\/hinnad-kkk\/\" \/>\n<meta property=\"og:locale\" content=\"en_GB\" \/>\n<meta property=\"og:type\" content=\"article\" \/>\n<meta property=\"og:title\" content=\"Hinnad &amp; KKK - Supervalem\" \/>\n<meta property=\"og:description\" content=\"On 2 liitumisv\u00f5imalust supervalemiga - 45p\u00e4evane proovipakett v\u00f5i aastane t\u00e4ispakett. Kasutajatel on juurdep\u00e4\u00e4s Balti aktsiate edetabelile.\" \/>\n<meta property=\"og:url\" content=\"https:\/\/supervalem.ee\/hinnad-kkk\/\" \/>\n<meta property=\"og:site_name\" content=\"Supervalem\" \/>\n<meta property=\"article:modified_time\" content=\"2022-08-18T06:39:07+00:00\" \/>\n<meta name=\"twitter:card\" content=\"summary_large_image\" \/>\n<meta name=\"twitter:label1\" content=\"Estimated reading time\" \/>\n\t<meta name=\"twitter:data1\" content=\"2 minutes\" \/>\n<script type=\"application\/ld+json\" class=\"yoast-schema-graph\">{\"@context\":\"https:\\\/\\\/schema.org\",\"@graph\":[{\"@type\":\"WebPage\",\"@id\":\"https:\\\/\\\/supervalem.ee\\\/hinnad-kkk\\\/\",\"url\":\"https:\\\/\\\/supervalem.ee\\\/hinnad-kkk\\\/\",\"name\":\"Hinnad & KKK - Supervalem\",\"isPartOf\":{\"@id\":\"https:\\\/\\\/supervalem.ee\\\/#website\"},\"datePublished\":\"2020-10-22T10:01:25+00:00\",\"dateModified\":\"2022-08-18T06:39:07+00:00\",\"description\":\"On 2 liitumisv\u00f5imalust supervalemiga - 45p\u00e4evane proovipakett v\u00f5i aastane t\u00e4ispakett. Kasutajatel on juurdep\u00e4\u00e4s Balti aktsiate edetabelile.\",\"breadcrumb\":{\"@id\":\"https:\\\/\\\/supervalem.ee\\\/hinnad-kkk\\\/#breadcrumb\"},\"inLanguage\":\"en-GB\",\"potentialAction\":[{\"@type\":\"ReadAction\",\"target\":[\"https:\\\/\\\/supervalem.ee\\\/hinnad-kkk\\\/\"]}]},{\"@type\":\"BreadcrumbList\",\"@id\":\"https:\\\/\\\/supervalem.ee\\\/hinnad-kkk\\\/#breadcrumb\",\"itemListElement\":[{\"@type\":\"ListItem\",\"position\":1,\"name\":\"Home\",\"item\":\"https:\\\/\\\/supervalem.ee\\\/\"},{\"@type\":\"ListItem\",\"position\":2,\"name\":\"Hinnad &#038; KKK\"}]},{\"@type\":\"WebSite\",\"@id\":\"https:\\\/\\\/supervalem.ee\\\/#website\",\"url\":\"https:\\\/\\\/supervalem.ee\\\/\",\"name\":\"Supervalem\",\"description\":\"T\u00f6\u00f6riist Balti b\u00f6rsilt parimate aktsiate leidmiseks\",\"publisher\":{\"@id\":\"https:\\\/\\\/supervalem.ee\\\/#organization\"},\"potentialAction\":[{\"@type\":\"SearchAction\",\"target\":{\"@type\":\"EntryPoint\",\"urlTemplate\":\"https:\\\/\\\/supervalem.ee\\\/?s={search_term_string}\"},\"query-input\":{\"@type\":\"PropertyValueSpecification\",\"valueRequired\":true,\"valueName\":\"search_term_string\"}}],\"inLanguage\":\"en-GB\"},{\"@type\":\"Organization\",\"@id\":\"https:\\\/\\\/supervalem.ee\\\/#organization\",\"name\":\"Supervalem\",\"url\":\"https:\\\/\\\/supervalem.ee\\\/\",\"logo\":{\"@type\":\"ImageObject\",\"inLanguage\":\"en-GB\",\"@id\":\"https:\\\/\\\/supervalem.ee\\\/#\\\/schema\\\/logo\\\/image\\\/\",\"url\":\"https:\\\/\\\/i0.wp.com\\\/www.supervalem.ee\\\/wp-content\\\/uploads\\\/2022\\\/01\\\/271388953_352891086226864_5891126610765131982_n.png?fit=1447%2C403&ssl=1\",\"contentUrl\":\"https:\\\/\\\/i0.wp.com\\\/www.supervalem.ee\\\/wp-content\\\/uploads\\\/2022\\\/01\\\/271388953_352891086226864_5891126610765131982_n.png?fit=1447%2C403&ssl=1\",\"width\":1447,\"height\":403,\"caption\":\"Supervalem\"},\"image\":{\"@id\":\"https:\\\/\\\/supervalem.ee\\\/#\\\/schema\\\/logo\\\/image\\\/\"}}]}<\/script>\n<!-- \/ Yoast SEO plugin. -->","yoast_head_json":{"title":"Hinnad & KKK - Supervalem","description":"On 2 liitumisv\u00f5imalust supervalemiga - 45p\u00e4evane proovipakett v\u00f5i aastane t\u00e4ispakett. Kasutajatel on juurdep\u00e4\u00e4s Balti aktsiate edetabelile.","robots":{"index":"index","follow":"follow","max-snippet":"max-snippet:-1","max-image-preview":"max-image-preview:large","max-video-preview":"max-video-preview:-1"},"canonical":"https:\/\/supervalem.ee\/hinnad-kkk\/","og_locale":"en_GB","og_type":"article","og_title":"Hinnad & KKK - Supervalem","og_description":"On 2 liitumisv\u00f5imalust supervalemiga - 45p\u00e4evane proovipakett v\u00f5i aastane t\u00e4ispakett. Kasutajatel on juurdep\u00e4\u00e4s Balti aktsiate edetabelile.","og_url":"https:\/\/supervalem.ee\/hinnad-kkk\/","og_site_name":"Supervalem","article_modified_time":"2022-08-18T06:39:07+00:00","twitter_card":"summary_large_image","twitter_misc":{"Estimated reading time":"2 minutes"},"schema":{"@context":"https:\/\/schema.org","@graph":[{"@type":"WebPage","@id":"https:\/\/supervalem.ee\/hinnad-kkk\/","url":"https:\/\/supervalem.ee\/hinnad-kkk\/","name":"Hinnad & KKK - Supervalem","isPartOf":{"@id":"https:\/\/supervalem.ee\/#website"},"datePublished":"2020-10-22T10:01:25+00:00","dateModified":"2022-08-18T06:39:07+00:00","description":"On 2 liitumisv\u00f5imalust supervalemiga - 45p\u00e4evane proovipakett v\u00f5i aastane t\u00e4ispakett. Kasutajatel on juurdep\u00e4\u00e4s Balti aktsiate edetabelile.","breadcrumb":{"@id":"https:\/\/supervalem.ee\/hinnad-kkk\/#breadcrumb"},"inLanguage":"en-GB","potentialAction":[{"@type":"ReadAction","target":["https:\/\/supervalem.ee\/hinnad-kkk\/"]}]},{"@type":"BreadcrumbList","@id":"https:\/\/supervalem.ee\/hinnad-kkk\/#breadcrumb","itemListElement":[{"@type":"ListItem","position":1,"name":"Home","item":"https:\/\/supervalem.ee\/"},{"@type":"ListItem","position":2,"name":"Hinnad &#038; KKK"}]},{"@type":"WebSite","@id":"https:\/\/supervalem.ee\/#website","url":"https:\/\/supervalem.ee\/","name":"Supervalem","description":"T\u00f6\u00f6riist Balti b\u00f6rsilt parimate aktsiate leidmiseks","publisher":{"@id":"https:\/\/supervalem.ee\/#organization"},"potentialAction":[{"@type":"SearchAction","target":{"@type":"EntryPoint","urlTemplate":"https:\/\/supervalem.ee\/?s={search_term_string}"},"query-input":{"@type":"PropertyValueSpecification","valueRequired":true,"valueName":"search_term_string"}}],"inLanguage":"en-GB"},{"@type":"Organization","@id":"https:\/\/supervalem.ee\/#organization","name":"Supervalem","url":"https:\/\/supervalem.ee\/","logo":{"@type":"ImageObject","inLanguage":"en-GB","@id":"https:\/\/supervalem.ee\/#\/schema\/logo\/image\/","url":"https:\/\/i0.wp.com\/www.supervalem.ee\/wp-content\/uploads\/2022\/01\/271388953_352891086226864_5891126610765131982_n.png?fit=1447%2C403&ssl=1","contentUrl":"https:\/\/i0.wp.com\/www.supervalem.ee\/wp-content\/uploads\/2022\/01\/271388953_352891086226864_5891126610765131982_n.png?fit=1447%2C403&ssl=1","width":1447,"height":403,"caption":"Supervalem"},"image":{"@id":"https:\/\/supervalem.ee\/#\/schema\/logo\/image\/"}}]}},"jetpack_sharing_enabled":true,"_links":{"self":[{"href":"https:\/\/www.supervalem.ee\/en\/wp-json\/wp\/v2\/pages\/958","targetHints":{"allow":["GET"]}}],"collection":[{"href":"https:\/\/www.supervalem.ee\/en\/wp-json\/wp\/v2\/pages"}],"about":[{"href":"https:\/\/www.supervalem.ee\/en\/wp-json\/wp\/v2\/types\/page"}],"author":[{"embeddable":true,"href":"https:\/\/www.supervalem.ee\/en\/wp-json\/wp\/v2\/users\/1"}],"replies":[{"embeddable":true,"href":"https:\/\/www.supervalem.ee\/en\/wp-json\/wp\/v2\/comments?post=958"}],"version-history":[{"count":5,"href":"https:\/\/www.supervalem.ee\/en\/wp-json\/wp\/v2\/pages\/958\/revisions"}],"predecessor-version":[{"id":1602,"href":"https:\/\/www.supervalem.ee\/en\/wp-json\/wp\/v2\/pages\/958\/revisions\/1602"}],"wp:attachment":[{"href":"https:\/\/www.supervalem.ee\/en\/wp-json\/wp\/v2\/media?parent=958"}],"curies":[{"name":"wp","href":"https:\/\/api.w.org\/{rel}","templated":true}]}}