{"id":789,"date":"2020-10-22T10:00:05","date_gmt":"2020-10-22T10:00:05","guid":{"rendered":"https:\/\/supervalem.ee\/about-us\/"},"modified":"2022-01-27T20:19:15","modified_gmt":"2022-01-27T18:19:15","slug":"meist","status":"publish","type":"page","link":"https:\/\/www.supervalem.ee\/en\/meist\/","title":{"rendered":"About Us"},"content":{"rendered":"<div class=\"wp-block-cover alignfull\" style=\"min-height:300px;aspect-ratio:unset;\"><span aria-hidden=\"true\" class=\"has-ast-global-color-1-background-color has-background-dim-90 wp-block-cover__gradient-background has-background-dim\"><\/span><img data-recalc-dims=\"1\" loading=\"lazy\" decoding=\"async\" width=\"1920\" height=\"300\" class=\"wp-block-cover__image-background wp-image-1306\" alt=\"Harri ja Eneken\" src=\"https:\/\/i0.wp.com\/supervalem.ee\/wp-content\/uploads\/2022\/01\/hetaustapilt.jpg?resize=1920%2C300&#038;ssl=1\" style=\"object-position:52% 54%\" data-object-fit=\"cover\" data-object-position=\"52% 54%\" srcset=\"https:\/\/i0.wp.com\/www.supervalem.ee\/wp-content\/uploads\/2022\/01\/hetaustapilt.jpg?w=1920&amp;ssl=1 1920w, https:\/\/i0.wp.com\/www.supervalem.ee\/wp-content\/uploads\/2022\/01\/hetaustapilt.jpg?resize=300%2C47&amp;ssl=1 300w, https:\/\/i0.wp.com\/www.supervalem.ee\/wp-content\/uploads\/2022\/01\/hetaustapilt.jpg?resize=1024%2C160&amp;ssl=1 1024w, https:\/\/i0.wp.com\/www.supervalem.ee\/wp-content\/uploads\/2022\/01\/hetaustapilt.jpg?resize=768%2C120&amp;ssl=1 768w, https:\/\/i0.wp.com\/www.supervalem.ee\/wp-content\/uploads\/2022\/01\/hetaustapilt.jpg?resize=1536%2C240&amp;ssl=1 1536w, https:\/\/i0.wp.com\/www.supervalem.ee\/wp-content\/uploads\/2022\/01\/hetaustapilt.jpg?resize=400%2C63&amp;ssl=1 400w\" sizes=\"auto, (max-width: 1000px) 100vw, 1000px\" \/><div class=\"wp-block-cover__inner-container is-layout-flow wp-block-cover-is-layout-flow\">\n<h1 class=\"has-white-color has-text-color wp-block-heading\" id=\"meist\">About Us<\/h1>\n\n\n\n<p> Supervalem.ee was created by Harri and Eneken Lumiste. Supervalem.ee was born out of practical necessity. <\/p>\n<\/div><\/div>\n\n\n\n<div class=\"wp-block-group alignfull has-ast-global-color-4-background-color has-background is-layout-flow wp-block-group-is-layout-flow\"><div class=\"wp-block-group__inner-container\">\n<div class=\"wp-block-media-text alignwide is-stacked-on-mobile\" style=\"grid-template-columns:54% auto\"><figure class=\"wp-block-media-text__media\"><img data-recalc-dims=\"1\" loading=\"lazy\" decoding=\"async\" width=\"667\" height=\"500\" src=\"https:\/\/i0.wp.com\/supervalem.ee\/wp-content\/uploads\/2022\/01\/harri.jpg?resize=667%2C500&#038;ssl=1\" alt=\"Harri\" class=\"wp-image-1298 size-full\" srcset=\"https:\/\/i0.wp.com\/www.supervalem.ee\/wp-content\/uploads\/2022\/01\/harri.jpg?w=667&amp;ssl=1 667w, https:\/\/i0.wp.com\/www.supervalem.ee\/wp-content\/uploads\/2022\/01\/harri.jpg?resize=300%2C225&amp;ssl=1 300w, https:\/\/i0.wp.com\/www.supervalem.ee\/wp-content\/uploads\/2022\/01\/harri.jpg?resize=400%2C300&amp;ssl=1 400w\" sizes=\"auto, (max-width: 667px) 100vw, 667px\" \/><\/figure><div class=\"wp-block-media-text__content\">\n<p>I have been an entrepreneur since 1997. Creating a financial income for myself is elementary. However, the realisation of the importance of passive income only came a few years ago and I made my first share purchases in January 2020. I like and am interested in the world of shares, it's my favourite hobby next to archaic woodwork. Self-learning and keeping up to date with information is a matter of course.<\/p>\n\n\n\n<p>We are both in our mid-40s and the goal of investing is to generate sufficient passive income in our 60s. This has influenced our choice of investment strategy. We choose stocks with good dividend and growth potential and low risk.<\/p>\n\n\n\n<h5 class=\"wp-block-heading\" id=\"harri-lumiste\">Harri Lumiste<\/h5>\n\n\n\n<h6 class=\"wp-block-heading\" id=\"asutaja\">Co-founder<\/h6>\n<\/div><\/div>\n<\/div><\/div>\n\n\n\n<div class=\"wp-block-group alignfull has-ast-global-color-1-background-color has-background is-layout-flow wp-block-group-is-layout-flow\"><div class=\"wp-block-group__inner-container\">\n<div class=\"wp-block-media-text alignwide has-media-on-the-right is-stacked-on-mobile has-ast-global-color-1-background-color has-background\" style=\"grid-template-columns:auto 32%\"><figure class=\"wp-block-media-text__media\"><img data-recalc-dims=\"1\" loading=\"lazy\" decoding=\"async\" width=\"640\" height=\"825\" src=\"https:\/\/i0.wp.com\/supervalem.ee\/wp-content\/uploads\/2022\/01\/eneken.jpg?resize=640%2C825&#038;ssl=1\" alt=\"Eneken\" class=\"wp-image-1295 size-full\" srcset=\"https:\/\/i0.wp.com\/www.supervalem.ee\/wp-content\/uploads\/2022\/01\/eneken.jpg?w=640&amp;ssl=1 640w, https:\/\/i0.wp.com\/www.supervalem.ee\/wp-content\/uploads\/2022\/01\/eneken.jpg?resize=233%2C300&amp;ssl=1 233w, https:\/\/i0.wp.com\/www.supervalem.ee\/wp-content\/uploads\/2022\/01\/eneken.jpg?resize=400%2C516&amp;ssl=1 400w\" sizes=\"auto, (max-width: 640px) 100vw, 640px\" \/><\/figure><div class=\"wp-block-media-text__content\">\n<p> <span class=\"has-inline-color has-ast-global-color-4-color\">I had pension funds from before, I bought my first shares in January 2020. I have a degree in banking and experience as a business manager. But I don't want to put a lot of my free time into reading company reports or stock market announcements. At the same time, I would like to base my purchase on economic analysis. And since Harri's hobby is stock investing, I used to turn to him every month because he was able to calculate various indicators and scores (<em>discounted cashflow<\/em>, Piotrosky F-score, etc.): \"Listen, what are the 3-5 stocks that are good<\/span> <span class=\"has-inline-color has-ast-global-color-4-color\">to buy right now?\". And then, looking at those 3-5<\/span> <span class=\"has-inline-color has-ast-global-color-4-color\">companies, I made my decision.<\/span><\/p>\n\n\n\n<p><mark style=\"background-color:rgba(0, 0, 0, 0)\" class=\"has-inline-color has-ast-global-color-4-color\">When Harri introduced the Magic Formula and I had seen the amount of time he put into it, it occurred to me - this spreadsheet should be shared with others, there is no point in someone spending time again to achieve the same result.<\/mark><\/p>\n\n\n\n<h5 class=\"wp-block-heading\" id=\"eneken-lumiste\"><mark style=\"background-color:rgba(0, 0, 0, 0)\" class=\"has-inline-color has-ast-global-color-4-color\">Eneken Lumiste<\/mark><\/h5>\n\n\n\n<h6 class=\"wp-block-heading\" id=\"asutaja\"><mark style=\"background-color:rgba(0, 0, 0, 0)\" class=\"has-inline-color has-ast-global-color-4-color\">Co-founder<\/mark><\/h6>\n<\/div><\/div>\n\n\n\n<p><\/p>\n<\/div><\/div>","protected":false},"excerpt":{"rendered":"<p>Olen ettev\u00f5tja olnud 1997. aastast. Endale rahalise sissetuleku loomine on elementaarne. Ent arusaamine passiivse sissetuleku olulisusest tekkis alles paar aastat tagasi ja esimesed aktsiaostud tegin jaanuaris 2020. Mulle aktsiate maailm meeldib ja pakub huvi, see on mu lemmikhobi arhailise puut\u00f6\u00f6 k\u00f5rval. Ise\u00f5ppimine ja ennast infoga kursis hoidmine on iseenesestm\u00f5istetav. Me m\u00f5lemad oleme 40ndate keskpaigas ja [&hellip;]<\/p>\n","protected":false},"author":1,"featured_media":0,"parent":0,"menu_order":0,"comment_status":"closed","ping_status":"closed","template":"","meta":{"pmpro_default_level":"","_monsterinsights_skip_tracking":false,"_monsterinsights_sitenote_active":false,"_monsterinsights_sitenote_note":"","_monsterinsights_sitenote_category":0,"site-sidebar-layout":"no-sidebar","site-content-layout":"plain-container","ast-site-content-layout":"default","site-content-style":"default","site-sidebar-style":"default","ast-global-header-display":"","ast-banner-title-visibility":"","ast-main-header-display":"","ast-hfb-above-header-display":"","ast-hfb-below-header-display":"","ast-hfb-mobile-header-display":"","site-post-title":"disabled","ast-breadcrumbs-content":"disabled","ast-featured-img":"disabled","footer-sml-layout":"","ast-disable-related-posts":"","theme-transparent-header-meta":"enabled","adv-header-id-meta":"","stick-header-meta":"","header-above-stick-meta":"","header-main-stick-meta":"","header-below-stick-meta":"","astra-migrate-meta-layouts":"default","ast-page-background-enabled":"default","ast-page-background-meta":{"desktop":{"background-color":"","background-image":"","background-repeat":"repeat","background-position":"center center","background-size":"auto","background-attachment":"scroll","background-type":"","background-media":"","overlay-type":"","overlay-color":"","overlay-opacity":"","overlay-gradient":""},"tablet":{"background-color":"","background-image":"","background-repeat":"repeat","background-position":"center center","background-size":"auto","background-attachment":"scroll","background-type":"","background-media":"","overlay-type":"","overlay-color":"","overlay-opacity":"","overlay-gradient":""},"mobile":{"background-color":"","background-image":"","background-repeat":"repeat","background-position":"center center","background-size":"auto","background-attachment":"scroll","background-type":"","background-media":"","overlay-type":"","overlay-color":"","overlay-opacity":"","overlay-gradient":""}},"ast-content-background-meta":{"desktop":{"background-color":"var(--ast-global-color-5)","background-image":"","background-repeat":"repeat","background-position":"center center","background-size":"auto","background-attachment":"scroll","background-type":"","background-media":"","overlay-type":"","overlay-color":"","overlay-opacity":"","overlay-gradient":""},"tablet":{"background-color":"var(--ast-global-color-5)","background-image":"","background-repeat":"repeat","background-position":"center center","background-size":"auto","background-attachment":"scroll","background-type":"","background-media":"","overlay-type":"","overlay-color":"","overlay-opacity":"","overlay-gradient":""},"mobile":{"background-color":"var(--ast-global-color-5)","background-image":"","background-repeat":"repeat","background-position":"center center","background-size":"auto","background-attachment":"scroll","background-type":"","background-media":"","overlay-type":"","overlay-color":"","overlay-opacity":"","overlay-gradient":""}},"jetpack_post_was_ever_published":false,"footnotes":""},"class_list":["post-789","page","type-page","status-publish","hentry","pmpro-has-access"],"yoast_head":"<!-- This site is optimized with the Yoast SEO plugin v27.3 - https:\/\/yoast.com\/product\/yoast-seo-wordpress\/ -->\n<title>Meist - Supervalem<\/title>\n<meta name=\"robots\" content=\"index, follow, max-snippet:-1, max-image-preview:large, max-video-preview:-1\" \/>\n<link rel=\"canonical\" href=\"https:\/\/www.supervalem.ee\/en\/meist\/\" \/>\n<meta property=\"og:locale\" content=\"en_GB\" \/>\n<meta property=\"og:type\" content=\"article\" \/>\n<meta property=\"og:title\" content=\"Meist - Supervalem\" \/>\n<meta property=\"og:description\" content=\"Olen ettev\u00f5tja olnud 1997. aastast. Endale rahalise sissetuleku loomine on elementaarne. Ent arusaamine passiivse sissetuleku olulisusest tekkis alles paar aastat tagasi ja esimesed aktsiaostud tegin jaanuaris 2020. Mulle aktsiate maailm meeldib ja pakub huvi, see on mu lemmikhobi arhailise puut\u00f6\u00f6 k\u00f5rval. Ise\u00f5ppimine ja ennast infoga kursis hoidmine on iseenesestm\u00f5istetav. Me m\u00f5lemad oleme 40ndate keskpaigas ja [&hellip;]\" \/>\n<meta property=\"og:url\" content=\"https:\/\/www.supervalem.ee\/en\/meist\/\" \/>\n<meta property=\"og:site_name\" content=\"Supervalem\" \/>\n<meta property=\"article:modified_time\" content=\"2022-01-27T18:19:15+00:00\" \/>\n<meta property=\"og:image\" content=\"https:\/\/supervalem.ee\/wp-content\/uploads\/2022\/01\/hetaustapilt.jpg\" \/>\n<meta name=\"twitter:card\" content=\"summary_large_image\" \/>\n<meta name=\"twitter:label1\" content=\"Estimated reading time\" \/>\n\t<meta name=\"twitter:data1\" content=\"2 minutes\" \/>\n<script type=\"application\/ld+json\" class=\"yoast-schema-graph\">{\"@context\":\"https:\\\/\\\/schema.org\",\"@graph\":[{\"@type\":\"WebPage\",\"@id\":\"https:\\\/\\\/www.supervalem.ee\\\/en\\\/meist\\\/\",\"url\":\"https:\\\/\\\/www.supervalem.ee\\\/en\\\/meist\\\/\",\"name\":\"Meist - Supervalem\",\"isPartOf\":{\"@id\":\"https:\\\/\\\/supervalem.ee\\\/#website\"},\"primaryImageOfPage\":{\"@id\":\"https:\\\/\\\/www.supervalem.ee\\\/en\\\/meist\\\/#primaryimage\"},\"image\":{\"@id\":\"https:\\\/\\\/www.supervalem.ee\\\/en\\\/meist\\\/#primaryimage\"},\"thumbnailUrl\":\"https:\\\/\\\/supervalem.ee\\\/wp-content\\\/uploads\\\/2022\\\/01\\\/hetaustapilt.jpg\",\"datePublished\":\"2020-10-22T10:00:05+00:00\",\"dateModified\":\"2022-01-27T18:19:15+00:00\",\"breadcrumb\":{\"@id\":\"https:\\\/\\\/www.supervalem.ee\\\/en\\\/meist\\\/#breadcrumb\"},\"inLanguage\":\"en-GB\",\"potentialAction\":[{\"@type\":\"ReadAction\",\"target\":[\"https:\\\/\\\/www.supervalem.ee\\\/en\\\/meist\\\/\"]}]},{\"@type\":\"ImageObject\",\"inLanguage\":\"en-GB\",\"@id\":\"https:\\\/\\\/www.supervalem.ee\\\/en\\\/meist\\\/#primaryimage\",\"url\":\"https:\\\/\\\/supervalem.ee\\\/wp-content\\\/uploads\\\/2022\\\/01\\\/hetaustapilt.jpg\",\"contentUrl\":\"https:\\\/\\\/supervalem.ee\\\/wp-content\\\/uploads\\\/2022\\\/01\\\/hetaustapilt.jpg\"},{\"@type\":\"BreadcrumbList\",\"@id\":\"https:\\\/\\\/www.supervalem.ee\\\/en\\\/meist\\\/#breadcrumb\",\"itemListElement\":[{\"@type\":\"ListItem\",\"position\":1,\"name\":\"Home\",\"item\":\"https:\\\/\\\/www.supervalem.ee\\\/\"},{\"@type\":\"ListItem\",\"position\":2,\"name\":\"Meist\"}]},{\"@type\":\"WebSite\",\"@id\":\"https:\\\/\\\/supervalem.ee\\\/#website\",\"url\":\"https:\\\/\\\/supervalem.ee\\\/\",\"name\":\"Supervalem\",\"description\":\"T\u00f6\u00f6riist Balti b\u00f6rsilt parimate aktsiate leidmiseks\",\"publisher\":{\"@id\":\"https:\\\/\\\/supervalem.ee\\\/#organization\"},\"potentialAction\":[{\"@type\":\"SearchAction\",\"target\":{\"@type\":\"EntryPoint\",\"urlTemplate\":\"https:\\\/\\\/supervalem.ee\\\/?s={search_term_string}\"},\"query-input\":{\"@type\":\"PropertyValueSpecification\",\"valueRequired\":true,\"valueName\":\"search_term_string\"}}],\"inLanguage\":\"en-GB\"},{\"@type\":\"Organization\",\"@id\":\"https:\\\/\\\/supervalem.ee\\\/#organization\",\"name\":\"Supervalem\",\"url\":\"https:\\\/\\\/supervalem.ee\\\/\",\"logo\":{\"@type\":\"ImageObject\",\"inLanguage\":\"en-GB\",\"@id\":\"https:\\\/\\\/supervalem.ee\\\/#\\\/schema\\\/logo\\\/image\\\/\",\"url\":\"https:\\\/\\\/i0.wp.com\\\/www.supervalem.ee\\\/wp-content\\\/uploads\\\/2022\\\/01\\\/271388953_352891086226864_5891126610765131982_n.png?fit=1447%2C403&ssl=1\",\"contentUrl\":\"https:\\\/\\\/i0.wp.com\\\/www.supervalem.ee\\\/wp-content\\\/uploads\\\/2022\\\/01\\\/271388953_352891086226864_5891126610765131982_n.png?fit=1447%2C403&ssl=1\",\"width\":1447,\"height\":403,\"caption\":\"Supervalem\"},\"image\":{\"@id\":\"https:\\\/\\\/supervalem.ee\\\/#\\\/schema\\\/logo\\\/image\\\/\"}}]}<\/script>\n<!-- \/ Yoast SEO plugin. -->","yoast_head_json":{"title":"Meist - Supervalem","robots":{"index":"index","follow":"follow","max-snippet":"max-snippet:-1","max-image-preview":"max-image-preview:large","max-video-preview":"max-video-preview:-1"},"canonical":"https:\/\/www.supervalem.ee\/en\/meist\/","og_locale":"en_GB","og_type":"article","og_title":"Meist - Supervalem","og_description":"Olen ettev\u00f5tja olnud 1997. aastast. Endale rahalise sissetuleku loomine on elementaarne. Ent arusaamine passiivse sissetuleku olulisusest tekkis alles paar aastat tagasi ja esimesed aktsiaostud tegin jaanuaris 2020. Mulle aktsiate maailm meeldib ja pakub huvi, see on mu lemmikhobi arhailise puut\u00f6\u00f6 k\u00f5rval. Ise\u00f5ppimine ja ennast infoga kursis hoidmine on iseenesestm\u00f5istetav. Me m\u00f5lemad oleme 40ndate keskpaigas ja [&hellip;]","og_url":"https:\/\/www.supervalem.ee\/en\/meist\/","og_site_name":"Supervalem","article_modified_time":"2022-01-27T18:19:15+00:00","og_image":[{"url":"https:\/\/supervalem.ee\/wp-content\/uploads\/2022\/01\/hetaustapilt.jpg","type":"","width":"","height":""}],"twitter_card":"summary_large_image","twitter_misc":{"Estimated reading time":"2 minutes"},"schema":{"@context":"https:\/\/schema.org","@graph":[{"@type":"WebPage","@id":"https:\/\/www.supervalem.ee\/en\/meist\/","url":"https:\/\/www.supervalem.ee\/en\/meist\/","name":"Meist - Supervalem","isPartOf":{"@id":"https:\/\/supervalem.ee\/#website"},"primaryImageOfPage":{"@id":"https:\/\/www.supervalem.ee\/en\/meist\/#primaryimage"},"image":{"@id":"https:\/\/www.supervalem.ee\/en\/meist\/#primaryimage"},"thumbnailUrl":"https:\/\/supervalem.ee\/wp-content\/uploads\/2022\/01\/hetaustapilt.jpg","datePublished":"2020-10-22T10:00:05+00:00","dateModified":"2022-01-27T18:19:15+00:00","breadcrumb":{"@id":"https:\/\/www.supervalem.ee\/en\/meist\/#breadcrumb"},"inLanguage":"en-GB","potentialAction":[{"@type":"ReadAction","target":["https:\/\/www.supervalem.ee\/en\/meist\/"]}]},{"@type":"ImageObject","inLanguage":"en-GB","@id":"https:\/\/www.supervalem.ee\/en\/meist\/#primaryimage","url":"https:\/\/supervalem.ee\/wp-content\/uploads\/2022\/01\/hetaustapilt.jpg","contentUrl":"https:\/\/supervalem.ee\/wp-content\/uploads\/2022\/01\/hetaustapilt.jpg"},{"@type":"BreadcrumbList","@id":"https:\/\/www.supervalem.ee\/en\/meist\/#breadcrumb","itemListElement":[{"@type":"ListItem","position":1,"name":"Home","item":"https:\/\/www.supervalem.ee\/"},{"@type":"ListItem","position":2,"name":"Meist"}]},{"@type":"WebSite","@id":"https:\/\/supervalem.ee\/#website","url":"https:\/\/supervalem.ee\/","name":"Supervalem","description":"T\u00f6\u00f6riist Balti b\u00f6rsilt parimate aktsiate leidmiseks","publisher":{"@id":"https:\/\/supervalem.ee\/#organization"},"potentialAction":[{"@type":"SearchAction","target":{"@type":"EntryPoint","urlTemplate":"https:\/\/supervalem.ee\/?s={search_term_string}"},"query-input":{"@type":"PropertyValueSpecification","valueRequired":true,"valueName":"search_term_string"}}],"inLanguage":"en-GB"},{"@type":"Organization","@id":"https:\/\/supervalem.ee\/#organization","name":"Supervalem","url":"https:\/\/supervalem.ee\/","logo":{"@type":"ImageObject","inLanguage":"en-GB","@id":"https:\/\/supervalem.ee\/#\/schema\/logo\/image\/","url":"https:\/\/i0.wp.com\/www.supervalem.ee\/wp-content\/uploads\/2022\/01\/271388953_352891086226864_5891126610765131982_n.png?fit=1447%2C403&ssl=1","contentUrl":"https:\/\/i0.wp.com\/www.supervalem.ee\/wp-content\/uploads\/2022\/01\/271388953_352891086226864_5891126610765131982_n.png?fit=1447%2C403&ssl=1","width":1447,"height":403,"caption":"Supervalem"},"image":{"@id":"https:\/\/supervalem.ee\/#\/schema\/logo\/image\/"}}]}},"jetpack_sharing_enabled":true,"_links":{"self":[{"href":"https:\/\/www.supervalem.ee\/en\/wp-json\/wp\/v2\/pages\/789","targetHints":{"allow":["GET"]}}],"collection":[{"href":"https:\/\/www.supervalem.ee\/en\/wp-json\/wp\/v2\/pages"}],"about":[{"href":"https:\/\/www.supervalem.ee\/en\/wp-json\/wp\/v2\/types\/page"}],"author":[{"embeddable":true,"href":"https:\/\/www.supervalem.ee\/en\/wp-json\/wp\/v2\/users\/1"}],"replies":[{"embeddable":true,"href":"https:\/\/www.supervalem.ee\/en\/wp-json\/wp\/v2\/comments?post=789"}],"version-history":[{"count":5,"href":"https:\/\/www.supervalem.ee\/en\/wp-json\/wp\/v2\/pages\/789\/revisions"}],"predecessor-version":[{"id":1308,"href":"https:\/\/www.supervalem.ee\/en\/wp-json\/wp\/v2\/pages\/789\/revisions\/1308"}],"wp:attachment":[{"href":"https:\/\/www.supervalem.ee\/en\/wp-json\/wp\/v2\/media?parent=789"}],"curies":[{"name":"wp","href":"https:\/\/api.w.org\/{rel}","templated":true}]}}