{"id":1378,"date":"2022-02-05T11:00:54","date_gmt":"2022-02-05T09:00:54","guid":{"rendered":"https:\/\/supervalem.ee\/affiliate-home\/affiliate-register\/"},"modified":"2022-02-06T14:19:18","modified_gmt":"2022-02-06T12:19:18","slug":"affiliate-register","status":"publish","type":"page","link":"https:\/\/www.supervalem.ee\/en\/kaasturundus\/affiliate-register\/","title":{"rendered":"Registreeri"},"content":{"rendered":"\t<div id=\"wpam_form_error_panel\" class=\"wpam_form_errors\">\n\t\t<ul>\n\n\t\t<\/ul>\n\t<\/div><div id=\"wpam-reg-form\">\n<form action=\"\" method=\"post\" id=\"mainForm\" class=\"pure-form pure-form-stacked\">\n    <input type=\"hidden\" id=\"_wpnonce\" name=\"_wpnonce\" value=\"17e2b9c0f1\" \/><input type=\"hidden\" name=\"_wp_http_referer\" value=\"\/en\/wp-json\/wp\/v2\/pages\/1378\" \/>\t\t* Required fields<br \/><br \/>\n\t\t<fieldset>\n\t\t\t\t\t\t\t\t<label for=\"_firstName\">First Name&nbsp;*<\/label>\n\t\t\t\t\t\n\t\t\t\t\t\t\t\t\t\t\t\t\t<input type=\"text\" id=\"_firstName\" name=\"_firstName\" value=\"\" required \/>\n\t\t\t\t\t\t\t\t\t\t\t\t\t\t\t<label for=\"_lastName\">Last Name&nbsp;*<\/label>\n\t\t\t\t\t\n\t\t\t\t\t\t\t\t\t\t\t\t\t<input type=\"text\" id=\"_lastName\" name=\"_lastName\" value=\"\" required \/>\n\t\t\t\t\t\t\t\t\t\t\t\t\t\t\t<label for=\"_phoneNumber\">Phone Number&nbsp;*<\/label>\n\t\t\t\t\t\n\t\t\t\t\t\t\t\t\t\t\t\t\t<input type=\"text\" id=\"_phoneNumber\" name=\"_phoneNumber\" value=\"\" required \/>\n\t\t\t\t\t\t\t\t\t\t\t\t\t\t\t<label for=\"_email\">E-Mail Address&nbsp;*<\/label>\n\t\t\t\t\t\n\t\t\t\t\t\t                                                            <input type=\"text\" id=\"_email\" name=\"_email\" value=\"\" required \/>\n                                                            \t\t\t\t\t\t\t\t<label for=\"_addressLine1\">Address Line 1&nbsp;*<\/label>\n\t\t\t\t\t\n\t\t\t\t\t\t\t\t\t\t\t\t\t<input type=\"text\" id=\"_addressLine1\" name=\"_addressLine1\" value=\"\" required \/>\n\t\t\t\t\t\t\t\t\t\t\t\t\t\t\t<label for=\"_addressLine2\">Address Line 2<\/label>\n\t\t\t\t\t\n\t\t\t\t\t\t\t\t\t\t\t\t\t<input type=\"text\" id=\"_addressLine2\" name=\"_addressLine2\" value=\"\"  \/>\n\t\t\t\t\t\t\t\t\t\t\t\t\t\t\t<label for=\"_addressCity\">City&nbsp;*<\/label>\n\t\t\t\t\t\n\t\t\t\t\t\t\t\t\t\t\t\t\t<input type=\"text\" id=\"_addressCity\" name=\"_addressCity\" value=\"\" required \/>\n\t\t\t\t\t\t\t\t\t\t\t\t\t\t\t<label for=\"_addressZipCode\">Zip Code&nbsp;*<\/label>\n\t\t\t\t\t\n\t\t\t\t\t\t\t\t\t\t\t\t\t<input type=\"text\" id=\"_addressZipCode\" name=\"_addressZipCode\" value=\"\" required \/>\n\t\t\t\t\t\t\t\t\t\t\t\t\t\t\t<label for=\"_addressCountry\">Country&nbsp;*<\/label>\n\t\t\t\t\t\n\t\t\t\t\t\t\t\t\t\t\t\t\t<select id=\"_addressCountry\" name=\"_addressCountry\" required>\n\t\t\t\t\t\t\t\t<option value=\"\">Select an option<\/option><option value=\"AF\">AFGHANISTAN<\/option><option value=\"AX\">ALAND ISLANDS<\/option><option value=\"AL\">ALBANIA<\/option><option value=\"DZ\">ALGERIA<\/option><option value=\"AS\">AMERICAN SAMOA<\/option><option value=\"AD\">ANDORRA<\/option><option value=\"AO\">ANGOLA<\/option><option value=\"AI\">ANGUILLA<\/option><option value=\"AQ\">ANTARCTICA<\/option><option value=\"AG\">ANTIGUA AND BARBUDA<\/option><option value=\"AR\">ARGENTINA<\/option><option value=\"AM\">ARMENIA<\/option><option value=\"AW\">ARUBA<\/option><option value=\"AU\">AUSTRALIA<\/option><option value=\"AT\">AUSTRIA<\/option><option value=\"AZ\">AZERBAIJAN<\/option><option value=\"BS\">BAHAMAS<\/option><option value=\"BH\">BAHRAIN<\/option><option value=\"BD\">BANGLADESH<\/option><option value=\"BB\">BARBADOS<\/option><option value=\"BY\">BELARUS<\/option><option value=\"BE\">BELGIUM<\/option><option value=\"BZ\">BELIZE<\/option><option value=\"BJ\">BENIN<\/option><option value=\"BM\">BERMUDA<\/option><option value=\"BT\">BHUTAN<\/option><option value=\"BO\">BOLIVIA<\/option><option value=\"BA\">BOSNIA AND HERZEGOVINA<\/option><option value=\"BW\">BOTSWANA<\/option><option value=\"BV\">BOUVET ISLAND<\/option><option value=\"BR\">BRAZIL<\/option><option value=\"BN\">BRUNEI DARUSSALAM<\/option><option value=\"BG\">BULGARIA<\/option><option value=\"BF\">BURKINA FASO<\/option><option value=\"BI\">BURUNDI<\/option><option value=\"KH\">CAMBODIA<\/option><option value=\"CM\">CAMEROON<\/option><option value=\"CA\">CANADA<\/option><option value=\"CV\">CAPE VERDE<\/option><option value=\"KY\">CAYMAN ISLANDS<\/option><option value=\"CF\">CENTRAL AFRICAN REPUBLIC<\/option><option value=\"TD\">CHAD<\/option><option value=\"CL\">CHILE<\/option><option value=\"CN\">CHINA<\/option><option value=\"CX\">CHRISTMAS ISLAND<\/option><option value=\"CC\">COCOS (KEELING) ISLANDS<\/option><option value=\"CO\">COLOMBIA<\/option><option value=\"KM\">COMOROS<\/option><option value=\"CG\">CONGO (BRAZZAVILLE)<\/option><option value=\"CD\">CONGO (KINSHASA)<\/option><option value=\"CK\">COOK ISLANDS<\/option><option value=\"CR\">COSTA RICA<\/option><option value=\"HR\">CROATIA<\/option><option value=\"CU\">CUBA<\/option><option value=\"CY\">CYPRUS<\/option><option value=\"CZ\">CZECH REPUBLIC<\/option><option value=\"DK\">DENMARK<\/option><option value=\"DJ\">DJIBOUTI<\/option><option value=\"DM\">DOMINICA<\/option><option value=\"DO\">DOMINICAN REPUBLIC<\/option><option value=\"EC\">ECUADOR<\/option><option value=\"EG\">EGYPT<\/option><option value=\"SV\">EL SALVADOR<\/option><option value=\"GQ\">EQUATORIAL GUINEA<\/option><option value=\"ER\">ERITREA<\/option><option value=\"EE\">ESTONIA<\/option><option value=\"ET\">ETHIOPIA<\/option><option value=\"FK\">FALKLAND ISLANDS (MALVINAS)<\/option><option value=\"FO\">FAROE ISLANDS<\/option><option value=\"FJ\">FIJI<\/option><option value=\"FI\">FINLAND<\/option><option value=\"FR\">FRANCE<\/option><option value=\"GF\">FRENCH GUIANA<\/option><option value=\"PF\">FRENCH POLYNESIA<\/option><option value=\"TF\">FRENCH SOUTHERN TERRITORIES<\/option><option value=\"GA\">GABON<\/option><option value=\"GM\">GAMBIA<\/option><option value=\"GE\">GEORGIA<\/option><option value=\"DE\">GERMANY<\/option><option value=\"GH\">GHANA<\/option><option value=\"GI\">GIBRALTAR<\/option><option value=\"GR\">GREECE<\/option><option value=\"GL\">GREENLAND<\/option><option value=\"GD\">GRENADA<\/option><option value=\"GP\">GUADELOUPE<\/option><option value=\"GU\">GUAM<\/option><option value=\"GT\">GUATEMALA<\/option><option value=\"GN\">GUINEA<\/option><option value=\"GW\">GUINEA-BISSAU<\/option><option value=\"GY\">GUYANA<\/option><option value=\"HT\">HAITI<\/option><option value=\"VA\">HOLY SEE (VATICAN CITY STATE)<\/option><option value=\"HN\">HONDURAS<\/option><option value=\"HK\">HONG KONG<\/option><option value=\"HU\">HUNGARY<\/option><option value=\"IS\">ICELAND<\/option><option value=\"IN\">INDIA<\/option><option value=\"ID\">INDONESIA<\/option><option value=\"IR\">IRAN ISLAMIC REPUBLIC OF<\/option><option value=\"IQ\">IRAQ<\/option><option value=\"IE\">IRELAND<\/option><option value=\"IL\">ISRAEL<\/option><option value=\"IT\">ITALY<\/option><option value=\"CI\">IVORY COAST<\/option><option value=\"JM\">JAMAICA<\/option><option value=\"JP\">JAPAN<\/option><option value=\"JO\">JORDAN<\/option><option value=\"KZ\">KAZAKHSTAN<\/option><option value=\"KE\">KENYA<\/option><option value=\"KI\">KIRIBATI<\/option><option value=\"KP\">KOREA<\/option><option value=\"KR\">KOREA REPUBLIC OF<\/option><option value=\"KW\">KUWAIT<\/option><option value=\"KG\">KYRGYZSTAN<\/option><option value=\"LA\">LAO<\/option><option value=\"LV\">LATVIA<\/option><option value=\"LB\">LEBANON<\/option><option value=\"LS\">LESOTHO<\/option><option value=\"LR\">LIBERIA<\/option><option value=\"LY\">LIBYAN ARAB JAMAHIRIYA<\/option><option value=\"LI\">LIECHTENSTEIN<\/option><option value=\"LT\">LITHUANIA<\/option><option value=\"LU\">LUXEMBOURG<\/option><option value=\"MO\">MACAO<\/option><option value=\"MK\">MACEDONIA<\/option><option value=\"MG\">MADAGASCAR<\/option><option value=\"MW\">MALAWI<\/option><option value=\"MY\">MALAYSIA<\/option><option value=\"MV\">MALDIVES<\/option><option value=\"ML\">MALI<\/option><option value=\"MT\">MALTA<\/option><option value=\"MH\">MARSHALL ISLANDS<\/option><option value=\"MQ\">MARTINIQUE<\/option><option value=\"MR\">MAURITANIA<\/option><option value=\"MU\">MAURITIUS<\/option><option value=\"YT\">MAYOTTE<\/option><option value=\"MX\">MEXICO<\/option><option value=\"FM\">MICRONESIA<\/option><option value=\"MD\">MOLDOVA, REPUBLIC OF<\/option><option value=\"MC\">MONACO<\/option><option value=\"MN\">MONGOLIA<\/option><option value=\"ME\">MONTENEGRO<\/option><option value=\"MS\">MONTSERRAT<\/option><option value=\"MA\">MOROCCO<\/option><option value=\"MZ\">MOZAMBIQUE<\/option><option value=\"MM\">MYANMAR<\/option><option value=\"NA\">NAMIBIA<\/option><option value=\"NR\">NAURU<\/option><option value=\"NP\">NEPAL<\/option><option value=\"NL\">NETHERLANDS<\/option><option value=\"AN\">NETHERLANDS ANTILLES<\/option><option value=\"NC\">NEW CALEDONIA<\/option><option value=\"NZ\">NEW ZEALAND<\/option><option value=\"NI\">NICARAGUA<\/option><option value=\"NE\">NIGER<\/option><option value=\"NG\">NIGERIA<\/option><option value=\"NU\">NIUE<\/option><option value=\"NF\">NORFOLK ISLAND<\/option><option value=\"MP\">NORTHERN MARIANA ISLANDS<\/option><option value=\"NO\">NORWAY<\/option><option value=\"OM\">OMAN<\/option><option value=\"PK\">PAKISTAN<\/option><option value=\"PW\">PALAU<\/option><option value=\"PS\">PALESTINIAN TERRITORY<\/option><option value=\"PA\">PANAMA<\/option><option value=\"PG\">PAPUA NEW GUINEA<\/option><option value=\"PY\">PARAGUAY<\/option><option value=\"PE\">PERU<\/option><option value=\"PH\">PHILIPPINES<\/option><option value=\"PN\">PITCAIRN<\/option><option value=\"PL\">POLAND<\/option><option value=\"PT\">PORTUGAL<\/option><option value=\"PR\">PUERTO RICO<\/option><option value=\"QA\">QATAR<\/option><option value=\"RE\">REUNION<\/option><option value=\"RO\">ROMANIA<\/option><option value=\"RU\">RUSSIAN FEDERATION<\/option><option value=\"RW\">RWANDA<\/option><option value=\"SH\">SAINT HELENA<\/option><option value=\"KN\">SAINT KITTS AND NEVIS<\/option><option value=\"LC\">SAINT LUCIA<\/option><option value=\"PM\">SAINT PIERRE AND MIQUELON<\/option><option value=\"WS\">SAMOA<\/option><option value=\"SM\">SAN MARINO<\/option><option value=\"ST\">SAO TOME AND PRINCIPE<\/option><option value=\"SA\">SAUDI ARABIA<\/option><option value=\"SN\">SENEGAL<\/option><option value=\"RS\">SERBIA<\/option><option value=\"SC\">SEYCHELLES<\/option><option value=\"SL\">SIERRA LEONE<\/option><option value=\"SG\">SINGAPORE<\/option><option value=\"SK\">SLOVAKIA<\/option><option value=\"SI\">SLOVENIA<\/option><option value=\"SB\">SOLOMON ISLANDS<\/option><option value=\"SO\">SOMALIA<\/option><option value=\"ZA\">SOUTH AFRICA<\/option><option value=\"ES\">SPAIN<\/option><option value=\"LK\">SRI LANKA<\/option><option value=\"SD\">SUDAN<\/option><option value=\"SR\">SURINAME<\/option><option value=\"SJ\">SVALBARD AND JAN MAYEN<\/option><option value=\"SZ\">SWAZILAND<\/option><option value=\"SE\">SWEDEN<\/option><option value=\"CH\">SWITZERLAND<\/option><option value=\"SY\">SYRIAN ARAB REPUBLIC<\/option><option value=\"TW\">TAIWAN<\/option><option value=\"TJ\">TAJIKISTAN<\/option><option value=\"TZ\">TANZANIA UNITED REPUBLIC OF<\/option><option value=\"TH\">THAILAND<\/option><option value=\"TL\">TIMOR-LESTE<\/option><option value=\"TG\">TOGO<\/option><option value=\"TK\">TOKELAU<\/option><option value=\"TO\">TONGA<\/option><option value=\"TT\">TRINIDAD AND TOBAGO<\/option><option value=\"TN\">TUNISIA<\/option><option value=\"TR\">TURKEY<\/option><option value=\"TM\">TURKMENISTAN<\/option><option value=\"TC\">TURKS AND CAICOS ISLANDS<\/option><option value=\"TV\">TUVALU<\/option><option value=\"UG\">UGANDA<\/option><option value=\"UA\">UKRAINE<\/option><option value=\"AE\">UNITED ARAB EMIRATES<\/option><option value=\"GB\">UNITED KINGDOM<\/option><option value=\"US\">UNITED STATES<\/option><option value=\"UY\">URUGUAY<\/option><option value=\"UZ\">UZBEKISTAN<\/option><option value=\"VU\">VANUATU<\/option><option value=\"VE\">VENEZUELA<\/option><option value=\"VN\">VIETNAM<\/option><option value=\"VG\">VIRGIN ISLANDS BRITISH<\/option><option value=\"VI\">VIRGIN ISLANDS U.S.<\/option><option value=\"WF\">WALLIS AND FUTUNA<\/option><option value=\"EH\">WESTERN SAHARA<\/option><option value=\"YE\">YEMEN<\/option><option value=\"ZM\">ZAMBIA<\/option><option value=\"ZW\">ZIMBABWE<\/option>\t\t\t\t\t\t\t<\/select>\n\t\t\t\t\t\t\t\t\t\t\t\t\t\t\t<label for=\"_companyName\">Company Name<\/label>\n\t\t\t\t\t\n\t\t\t\t\t\t\t\t\t\t\t\t\t<input type=\"text\" id=\"_companyName\" name=\"_companyName\" value=\"\"  \/>\n\t\t\t\t\t\t\t\t\t\t\t\t\t\t\t<label for=\"_websiteUrl\">Website URL<\/label>\n\t\t\t\t\t\n\t\t\t\t\t\t\t\t\t\t\t\t\t<input type=\"text\" id=\"_websiteUrl\" name=\"_websiteUrl\" value=\"\"  \/>\n\t\t\t\t\t\t\t\t\t\t\t\t\t\t\t<label for=\"_pangakonto\">Pangakonto number&nbsp;*<\/label>\n\t\t\t\t\t\n\t\t\t\t\t\t\t\t\t\t\t\t\t<input type=\"text\" id=\"_pangakonto\" name=\"_pangakonto\" value=\"\" required \/>\n\t\t\t\t\t\t\t\t\t\t    \n                            <label for=\"chkAgreeTerms\" id=\"agreeTermsLabel\" class=\"pure-checkbox\"><input type=\"checkbox\" id=\"chkAgreeTerms\" name=\"chkAgreeTerms\"  required \/>&nbsp;I have read and agree to the <a target=\"_blank\" href=\"https:\/\/www.supervalem.ee\/kaasturunduse-tingimused\/\">Terms and Conditions<\/a><\/label>\n                            <div id=\"termsAgreeWarning\" style=\"color: red; display: none\">You must agree to the terms.<\/div>\n\t\t\t    \n                <!--<div class=\"wpam-registration-form\">-->\n                <input type=\"hidden\" name=\"wpam_reg_submit\" value=\"1\" \/>\n                <input type=\"submit\" name=\"submit\" value=\"Submit Application\" class=\"wpam-registration-form-submit pure-button pure-button-active\" \/>\n                <!--<\/div>-->  \n                <\/fieldset>\n<\/form>\n<\/div>\n<div id=\"tncDialog\" style=\"display: none\">\n\t<div id=\"termsBox\" style=\"padding: 20px; width: auto; height: 380px; overflow: scroll; background-color: white; color: black; border: 1px solid black; white-space: pre-wrap;\">[AffiliatesRegister]<\/div>\n<\/div>\n\n","protected":false},"excerpt":{"rendered":"","protected":false},"author":1,"featured_media":0,"parent":1377,"menu_order":0,"comment_status":"closed","ping_status":"closed","template":"","meta":{"pmpro_default_level":"","_monsterinsights_skip_tracking":false,"_monsterinsights_sitenote_active":false,"_monsterinsights_sitenote_note":"","_monsterinsights_sitenote_category":0,"site-sidebar-layout":"default","site-content-layout":"","ast-site-content-layout":"default","site-content-style":"default","site-sidebar-style":"default","ast-global-header-display":"","ast-banner-title-visibility":"","ast-main-header-display":"","ast-hfb-above-header-display":"","ast-hfb-below-header-display":"","ast-hfb-mobile-header-display":"","site-post-title":"","ast-breadcrumbs-content":"","ast-featured-img":"","footer-sml-layout":"","ast-disable-related-posts":"","theme-transparent-header-meta":"","adv-header-id-meta":"","stick-header-meta":"","header-above-stick-meta":"","header-main-stick-meta":"","header-below-stick-meta":"","astra-migrate-meta-layouts":"default","ast-page-background-enabled":"default","ast-page-background-meta":{"desktop":{"background-color":"","background-image":"","background-repeat":"repeat","background-position":"center center","background-size":"auto","background-attachment":"scroll","background-type":"","background-media":"","overlay-type":"","overlay-color":"","overlay-opacity":"","overlay-gradient":""},"tablet":{"background-color":"","background-image":"","background-repeat":"repeat","background-position":"center center","background-size":"auto","background-attachment":"scroll","background-type":"","background-media":"","overlay-type":"","overlay-color":"","overlay-opacity":"","overlay-gradient":""},"mobile":{"background-color":"","background-image":"","background-repeat":"repeat","background-position":"center center","background-size":"auto","background-attachment":"scroll","background-type":"","background-media":"","overlay-type":"","overlay-color":"","overlay-opacity":"","overlay-gradient":""}},"ast-content-background-meta":{"desktop":{"background-color":"var(--ast-global-color-5)","background-image":"","background-repeat":"repeat","background-position":"center center","background-size":"auto","background-attachment":"scroll","background-type":"","background-media":"","overlay-type":"","overlay-color":"","overlay-opacity":"","overlay-gradient":""},"tablet":{"background-color":"var(--ast-global-color-5)","background-image":"","background-repeat":"repeat","background-position":"center center","background-size":"auto","background-attachment":"scroll","background-type":"","background-media":"","overlay-type":"","overlay-color":"","overlay-opacity":"","overlay-gradient":""},"mobile":{"background-color":"var(--ast-global-color-5)","background-image":"","background-repeat":"repeat","background-position":"center center","background-size":"auto","background-attachment":"scroll","background-type":"","background-media":"","overlay-type":"","overlay-color":"","overlay-opacity":"","overlay-gradient":""}},"jetpack_post_was_ever_published":false,"footnotes":""},"class_list":["post-1378","page","type-page","status-publish","hentry","pmpro-has-access"],"yoast_head":"<!-- This site is optimized with the Yoast SEO plugin v27.4 - https:\/\/yoast.com\/product\/yoast-seo-wordpress\/ -->\n<title>Registreeri - Supervalem<\/title>\n<meta name=\"robots\" content=\"index, follow, max-snippet:-1, max-image-preview:large, max-video-preview:-1\" \/>\n<link rel=\"canonical\" href=\"https:\/\/www.supervalem.ee\/en\/kaasturundus\/affiliate-register\/\" \/>\n<meta property=\"og:locale\" content=\"en_GB\" \/>\n<meta property=\"og:type\" content=\"article\" \/>\n<meta property=\"og:title\" content=\"Registreeri - Supervalem\" \/>\n<meta property=\"og:url\" content=\"https:\/\/www.supervalem.ee\/en\/kaasturundus\/affiliate-register\/\" \/>\n<meta property=\"og:site_name\" content=\"Supervalem\" \/>\n<meta property=\"article:modified_time\" content=\"2022-02-06T12:19:18+00:00\" \/>\n<meta name=\"twitter:card\" content=\"summary_large_image\" \/>\n<meta name=\"twitter:label1\" content=\"Estimated reading time\" \/>\n\t<meta name=\"twitter:data1\" content=\"1 minute\" \/>\n<script type=\"application\/ld+json\" class=\"yoast-schema-graph\">{\"@context\":\"https:\\\/\\\/schema.org\",\"@graph\":[{\"@type\":\"WebPage\",\"@id\":\"https:\\\/\\\/www.supervalem.ee\\\/en\\\/kaasturundus\\\/affiliate-register\\\/\",\"url\":\"https:\\\/\\\/www.supervalem.ee\\\/en\\\/kaasturundus\\\/affiliate-register\\\/\",\"name\":\"Registreeri - Supervalem\",\"isPartOf\":{\"@id\":\"https:\\\/\\\/supervalem.ee\\\/#website\"},\"datePublished\":\"2022-02-05T09:00:54+00:00\",\"dateModified\":\"2022-02-06T12:19:18+00:00\",\"breadcrumb\":{\"@id\":\"https:\\\/\\\/www.supervalem.ee\\\/en\\\/kaasturundus\\\/affiliate-register\\\/#breadcrumb\"},\"inLanguage\":\"en-GB\",\"potentialAction\":[{\"@type\":\"ReadAction\",\"target\":[\"https:\\\/\\\/www.supervalem.ee\\\/en\\\/kaasturundus\\\/affiliate-register\\\/\"]}]},{\"@type\":\"BreadcrumbList\",\"@id\":\"https:\\\/\\\/www.supervalem.ee\\\/en\\\/kaasturundus\\\/affiliate-register\\\/#breadcrumb\",\"itemListElement\":[{\"@type\":\"ListItem\",\"position\":1,\"name\":\"Home\",\"item\":\"https:\\\/\\\/supervalem.ee\\\/\"},{\"@type\":\"ListItem\",\"position\":2,\"name\":\"Supervalemi kaasturundus\",\"item\":\"https:\\\/\\\/www.supervalem.ee\\\/en\\\/kaasturundus\\\/\"},{\"@type\":\"ListItem\",\"position\":3,\"name\":\"Registreeri\"}]},{\"@type\":\"WebSite\",\"@id\":\"https:\\\/\\\/supervalem.ee\\\/#website\",\"url\":\"https:\\\/\\\/supervalem.ee\\\/\",\"name\":\"Supervalem\",\"description\":\"T\u00f6\u00f6riist Balti b\u00f6rsilt parimate aktsiate leidmiseks\",\"publisher\":{\"@id\":\"https:\\\/\\\/supervalem.ee\\\/#organization\"},\"potentialAction\":[{\"@type\":\"SearchAction\",\"target\":{\"@type\":\"EntryPoint\",\"urlTemplate\":\"https:\\\/\\\/supervalem.ee\\\/?s={search_term_string}\"},\"query-input\":{\"@type\":\"PropertyValueSpecification\",\"valueRequired\":true,\"valueName\":\"search_term_string\"}}],\"inLanguage\":\"en-GB\"},{\"@type\":\"Organization\",\"@id\":\"https:\\\/\\\/supervalem.ee\\\/#organization\",\"name\":\"Supervalem\",\"url\":\"https:\\\/\\\/supervalem.ee\\\/\",\"logo\":{\"@type\":\"ImageObject\",\"inLanguage\":\"en-GB\",\"@id\":\"https:\\\/\\\/supervalem.ee\\\/#\\\/schema\\\/logo\\\/image\\\/\",\"url\":\"https:\\\/\\\/i0.wp.com\\\/www.supervalem.ee\\\/wp-content\\\/uploads\\\/2022\\\/01\\\/271388953_352891086226864_5891126610765131982_n.png?fit=1447%2C403&ssl=1\",\"contentUrl\":\"https:\\\/\\\/i0.wp.com\\\/www.supervalem.ee\\\/wp-content\\\/uploads\\\/2022\\\/01\\\/271388953_352891086226864_5891126610765131982_n.png?fit=1447%2C403&ssl=1\",\"width\":1447,\"height\":403,\"caption\":\"Supervalem\"},\"image\":{\"@id\":\"https:\\\/\\\/supervalem.ee\\\/#\\\/schema\\\/logo\\\/image\\\/\"}}]}<\/script>\n<!-- \/ Yoast SEO plugin. -->","yoast_head_json":{"title":"Registreeri - Supervalem","robots":{"index":"index","follow":"follow","max-snippet":"max-snippet:-1","max-image-preview":"max-image-preview:large","max-video-preview":"max-video-preview:-1"},"canonical":"https:\/\/www.supervalem.ee\/en\/kaasturundus\/affiliate-register\/","og_locale":"en_GB","og_type":"article","og_title":"Registreeri - Supervalem","og_url":"https:\/\/www.supervalem.ee\/en\/kaasturundus\/affiliate-register\/","og_site_name":"Supervalem","article_modified_time":"2022-02-06T12:19:18+00:00","twitter_card":"summary_large_image","twitter_misc":{"Estimated reading time":"1 minute"},"schema":{"@context":"https:\/\/schema.org","@graph":[{"@type":"WebPage","@id":"https:\/\/www.supervalem.ee\/en\/kaasturundus\/affiliate-register\/","url":"https:\/\/www.supervalem.ee\/en\/kaasturundus\/affiliate-register\/","name":"Registreeri - Supervalem","isPartOf":{"@id":"https:\/\/supervalem.ee\/#website"},"datePublished":"2022-02-05T09:00:54+00:00","dateModified":"2022-02-06T12:19:18+00:00","breadcrumb":{"@id":"https:\/\/www.supervalem.ee\/en\/kaasturundus\/affiliate-register\/#breadcrumb"},"inLanguage":"en-GB","potentialAction":[{"@type":"ReadAction","target":["https:\/\/www.supervalem.ee\/en\/kaasturundus\/affiliate-register\/"]}]},{"@type":"BreadcrumbList","@id":"https:\/\/www.supervalem.ee\/en\/kaasturundus\/affiliate-register\/#breadcrumb","itemListElement":[{"@type":"ListItem","position":1,"name":"Home","item":"https:\/\/supervalem.ee\/"},{"@type":"ListItem","position":2,"name":"Supervalemi kaasturundus","item":"https:\/\/www.supervalem.ee\/en\/kaasturundus\/"},{"@type":"ListItem","position":3,"name":"Registreeri"}]},{"@type":"WebSite","@id":"https:\/\/supervalem.ee\/#website","url":"https:\/\/supervalem.ee\/","name":"Supervalem","description":"T\u00f6\u00f6riist Balti b\u00f6rsilt parimate aktsiate leidmiseks","publisher":{"@id":"https:\/\/supervalem.ee\/#organization"},"potentialAction":[{"@type":"SearchAction","target":{"@type":"EntryPoint","urlTemplate":"https:\/\/supervalem.ee\/?s={search_term_string}"},"query-input":{"@type":"PropertyValueSpecification","valueRequired":true,"valueName":"search_term_string"}}],"inLanguage":"en-GB"},{"@type":"Organization","@id":"https:\/\/supervalem.ee\/#organization","name":"Supervalem","url":"https:\/\/supervalem.ee\/","logo":{"@type":"ImageObject","inLanguage":"en-GB","@id":"https:\/\/supervalem.ee\/#\/schema\/logo\/image\/","url":"https:\/\/i0.wp.com\/www.supervalem.ee\/wp-content\/uploads\/2022\/01\/271388953_352891086226864_5891126610765131982_n.png?fit=1447%2C403&ssl=1","contentUrl":"https:\/\/i0.wp.com\/www.supervalem.ee\/wp-content\/uploads\/2022\/01\/271388953_352891086226864_5891126610765131982_n.png?fit=1447%2C403&ssl=1","width":1447,"height":403,"caption":"Supervalem"},"image":{"@id":"https:\/\/supervalem.ee\/#\/schema\/logo\/image\/"}}]}},"jetpack_sharing_enabled":true,"_links":{"self":[{"href":"https:\/\/www.supervalem.ee\/en\/wp-json\/wp\/v2\/pages\/1378","targetHints":{"allow":["GET"]}}],"collection":[{"href":"https:\/\/www.supervalem.ee\/en\/wp-json\/wp\/v2\/pages"}],"about":[{"href":"https:\/\/www.supervalem.ee\/en\/wp-json\/wp\/v2\/types\/page"}],"author":[{"embeddable":true,"href":"https:\/\/www.supervalem.ee\/en\/wp-json\/wp\/v2\/users\/1"}],"replies":[{"embeddable":true,"href":"https:\/\/www.supervalem.ee\/en\/wp-json\/wp\/v2\/comments?post=1378"}],"version-history":[{"count":2,"href":"https:\/\/www.supervalem.ee\/en\/wp-json\/wp\/v2\/pages\/1378\/revisions"}],"predecessor-version":[{"id":1412,"href":"https:\/\/www.supervalem.ee\/en\/wp-json\/wp\/v2\/pages\/1378\/revisions\/1412"}],"up":[{"embeddable":true,"href":"https:\/\/www.supervalem.ee\/en\/wp-json\/wp\/v2\/pages\/1377"}],"wp:attachment":[{"href":"https:\/\/www.supervalem.ee\/en\/wp-json\/wp\/v2\/media?parent=1378"}],"curies":[{"name":"wp","href":"https:\/\/api.w.org\/{rel}","templated":true}]}}