{"id":1027,"date":"2022-01-09T19:06:44","date_gmt":"2022-01-09T17:06:44","guid":{"rendered":"https:\/\/supervalem.ee\/?page_id=1027"},"modified":"2025-02-20T17:42:09","modified_gmt":"2025-02-20T15:42:09","slug":"balti-aktsiad","status":"publish","type":"page","link":"https:\/\/www.supervalem.ee\/en\/balti-aktsiad\/","title":{"rendered":"Baltic Stocks"},"content":{"rendered":"<div class=\"pmpro\">\n<div class=\"pmpro_card pmpro_content_message\">\n<div class=\"pmpro_card_content\">See sisu on ainult Proovipakett, T\u00e4ispakett, and Eluaegne pakett omanikele.<br \/><a href=\"\/\/supervalem.ee\/hinnad-kkk!!\">Join Here<\/a><\/div>\n<div class=\"pmpro_card_actions pmpro_font-medium\">Already a member? <a href=\"https:\/\/www.supervalem.ee\/wp-login.php?redirect_to=https%3A%2F%2Fwww.supervalem.ee%2Fen%2Fbalti-aktsiad%2F\">Log in here<\/a><\/div>\n<\/div>\n<\/div>","protected":false},"excerpt":{"rendered":"<div class=\"pmpro\"><div class=\"pmpro_card pmpro_content_message\"><div class=\"pmpro_card_content\">See sisu on ainult Proovipakett, T\u00e4ispakett, and Eluaegne pakett omanikele.<br \/><a href=\"\/\/supervalem.ee\/hinnad-kkk!!\">Join Here<\/a><\/div><div class=\"pmpro_card_actions pmpro_font-medium\">Already a member? <a href=\"https:\/\/www.supervalem.ee\/wp-login.php?redirect_to=https%3A%2F%2Fwww.supervalem.ee%2Fen%2Fbalti-aktsiad%2F\">Log in here<\/a><\/div><\/div><\/div>","protected":false},"author":1,"featured_media":0,"parent":0,"menu_order":0,"comment_status":"closed","ping_status":"closed","template":"","meta":{"pmpro_default_level":"0","_monsterinsights_skip_tracking":false,"_monsterinsights_sitenote_active":false,"_monsterinsights_sitenote_note":"","_monsterinsights_sitenote_category":0,"site-sidebar-layout":"default","site-content-layout":"plain-container","ast-site-content-layout":"normal-width-container","site-content-style":"unboxed","site-sidebar-style":"unboxed","ast-global-header-display":"","ast-banner-title-visibility":"","ast-main-header-display":"","ast-hfb-above-header-display":"","ast-hfb-below-header-display":"","ast-hfb-mobile-header-display":"","site-post-title":"disabled","ast-breadcrumbs-content":"","ast-featured-img":"","footer-sml-layout":"","ast-disable-related-posts":"","theme-transparent-header-meta":"disabled","adv-header-id-meta":"","stick-header-meta":"","header-above-stick-meta":"","header-main-stick-meta":"","header-below-stick-meta":"","astra-migrate-meta-layouts":"set","ast-page-background-enabled":"default","ast-page-background-meta":{"desktop":{"background-color":"","background-image":"","background-repeat":"repeat","background-position":"center center","background-size":"auto","background-attachment":"scroll","background-type":"","background-media":"","overlay-type":"","overlay-color":"","overlay-opacity":"","overlay-gradient":""},"tablet":{"background-color":"","background-image":"","background-repeat":"repeat","background-position":"center center","background-size":"auto","background-attachment":"scroll","background-type":"","background-media":"","overlay-type":"","overlay-color":"","overlay-opacity":"","overlay-gradient":""},"mobile":{"background-color":"","background-image":"","background-repeat":"repeat","background-position":"center center","background-size":"auto","background-attachment":"scroll","background-type":"","background-media":"","overlay-type":"","overlay-color":"","overlay-opacity":"","overlay-gradient":""}},"ast-content-background-meta":{"desktop":{"background-color":"var(--ast-global-color-5)","background-image":"","background-repeat":"repeat","background-position":"center center","background-size":"auto","background-attachment":"scroll","background-type":"","background-media":"","overlay-type":"","overlay-color":"","overlay-opacity":"","overlay-gradient":""},"tablet":{"background-color":"var(--ast-global-color-5)","background-image":"","background-repeat":"repeat","background-position":"center center","background-size":"auto","background-attachment":"scroll","background-type":"","background-media":"","overlay-type":"","overlay-color":"","overlay-opacity":"","overlay-gradient":""},"mobile":{"background-color":"var(--ast-global-color-5)","background-image":"","background-repeat":"repeat","background-position":"center center","background-size":"auto","background-attachment":"scroll","background-type":"","background-media":"","overlay-type":"","overlay-color":"","overlay-opacity":"","overlay-gradient":""}},"jetpack_post_was_ever_published":false,"footnotes":""},"class_list":["post-1027","page","type-page","status-publish","hentry","pmpro-level-required","pmpro-level-1","pmpro-level-2","pmpro-level-3","pmpro-no-access"],"yoast_head":"<!-- This site is optimized with the Yoast SEO plugin v27.4 - https:\/\/yoast.com\/product\/yoast-seo-wordpress\/ -->\n<title>Magic formula - Supervalem<\/title>\n<meta name=\"description\" content=\"Magic formula eesm\u00e4rk on osta keskmisest paremaid ettev\u00f5tteid, kuid ainult siis, kui need on saadaval keskmisest soodsama hinnaga.\" \/>\n<meta name=\"robots\" content=\"index, follow, max-snippet:-1, max-image-preview:large, max-video-preview:-1\" \/>\n<link rel=\"canonical\" href=\"https:\/\/www.supervalem.ee\/en\/balti-aktsiad\/\" \/>\n<meta property=\"og:locale\" content=\"en_GB\" \/>\n<meta property=\"og:type\" content=\"article\" \/>\n<meta property=\"og:title\" content=\"Magic formula - Supervalem\" \/>\n<meta property=\"og:description\" content=\"Magic formula eesm\u00e4rk on osta keskmisest paremaid ettev\u00f5tteid, kuid ainult siis, kui need on saadaval keskmisest soodsama hinnaga.\" \/>\n<meta property=\"og:url\" content=\"https:\/\/www.supervalem.ee\/en\/balti-aktsiad\/\" \/>\n<meta property=\"og:site_name\" content=\"Supervalem\" \/>\n<meta property=\"article:modified_time\" content=\"2025-02-20T15:42:09+00:00\" \/>\n<meta name=\"twitter:card\" content=\"summary_large_image\" \/>\n<meta name=\"twitter:label1\" content=\"Estimated reading time\" \/>\n\t<meta name=\"twitter:data1\" content=\"1 minute\" \/>\n<script type=\"application\/ld+json\" class=\"yoast-schema-graph\">{\"@context\":\"https:\\\/\\\/schema.org\",\"@graph\":[{\"@type\":\"WebPage\",\"@id\":\"https:\\\/\\\/www.supervalem.ee\\\/en\\\/balti-aktsiad\\\/\",\"url\":\"https:\\\/\\\/www.supervalem.ee\\\/en\\\/balti-aktsiad\\\/\",\"name\":\"Magic formula - Supervalem\",\"isPartOf\":{\"@id\":\"https:\\\/\\\/supervalem.ee\\\/#website\"},\"datePublished\":\"2022-01-09T17:06:44+00:00\",\"dateModified\":\"2025-02-20T15:42:09+00:00\",\"description\":\"Magic formula eesm\u00e4rk on osta keskmisest paremaid ettev\u00f5tteid, kuid ainult siis, kui need on saadaval keskmisest soodsama hinnaga.\",\"breadcrumb\":{\"@id\":\"https:\\\/\\\/www.supervalem.ee\\\/en\\\/balti-aktsiad\\\/#breadcrumb\"},\"inLanguage\":\"en-GB\",\"potentialAction\":[{\"@type\":\"ReadAction\",\"target\":[\"https:\\\/\\\/www.supervalem.ee\\\/en\\\/balti-aktsiad\\\/\"]}]},{\"@type\":\"BreadcrumbList\",\"@id\":\"https:\\\/\\\/www.supervalem.ee\\\/en\\\/balti-aktsiad\\\/#breadcrumb\",\"itemListElement\":[{\"@type\":\"ListItem\",\"position\":1,\"name\":\"Home\",\"item\":\"https:\\\/\\\/supervalem.ee\\\/\"},{\"@type\":\"ListItem\",\"position\":2,\"name\":\"Balti aktsiad\"}]},{\"@type\":\"WebSite\",\"@id\":\"https:\\\/\\\/supervalem.ee\\\/#website\",\"url\":\"https:\\\/\\\/supervalem.ee\\\/\",\"name\":\"Supervalem\",\"description\":\"T\u00f6\u00f6riist Balti b\u00f6rsilt parimate aktsiate leidmiseks\",\"publisher\":{\"@id\":\"https:\\\/\\\/supervalem.ee\\\/#organization\"},\"potentialAction\":[{\"@type\":\"SearchAction\",\"target\":{\"@type\":\"EntryPoint\",\"urlTemplate\":\"https:\\\/\\\/supervalem.ee\\\/?s={search_term_string}\"},\"query-input\":{\"@type\":\"PropertyValueSpecification\",\"valueRequired\":true,\"valueName\":\"search_term_string\"}}],\"inLanguage\":\"en-GB\"},{\"@type\":\"Organization\",\"@id\":\"https:\\\/\\\/supervalem.ee\\\/#organization\",\"name\":\"Supervalem\",\"url\":\"https:\\\/\\\/supervalem.ee\\\/\",\"logo\":{\"@type\":\"ImageObject\",\"inLanguage\":\"en-GB\",\"@id\":\"https:\\\/\\\/supervalem.ee\\\/#\\\/schema\\\/logo\\\/image\\\/\",\"url\":\"https:\\\/\\\/i0.wp.com\\\/www.supervalem.ee\\\/wp-content\\\/uploads\\\/2022\\\/01\\\/271388953_352891086226864_5891126610765131982_n.png?fit=1447%2C403&ssl=1\",\"contentUrl\":\"https:\\\/\\\/i0.wp.com\\\/www.supervalem.ee\\\/wp-content\\\/uploads\\\/2022\\\/01\\\/271388953_352891086226864_5891126610765131982_n.png?fit=1447%2C403&ssl=1\",\"width\":1447,\"height\":403,\"caption\":\"Supervalem\"},\"image\":{\"@id\":\"https:\\\/\\\/supervalem.ee\\\/#\\\/schema\\\/logo\\\/image\\\/\"}}]}<\/script>\n<!-- \/ Yoast SEO plugin. -->","yoast_head_json":{"title":"Magic formula - Supervalem","description":"Magic formula eesm\u00e4rk on osta keskmisest paremaid ettev\u00f5tteid, kuid ainult siis, kui need on saadaval keskmisest soodsama hinnaga.","robots":{"index":"index","follow":"follow","max-snippet":"max-snippet:-1","max-image-preview":"max-image-preview:large","max-video-preview":"max-video-preview:-1"},"canonical":"https:\/\/www.supervalem.ee\/en\/balti-aktsiad\/","og_locale":"en_GB","og_type":"article","og_title":"Magic formula - Supervalem","og_description":"Magic formula eesm\u00e4rk on osta keskmisest paremaid ettev\u00f5tteid, kuid ainult siis, kui need on saadaval keskmisest soodsama hinnaga.","og_url":"https:\/\/www.supervalem.ee\/en\/balti-aktsiad\/","og_site_name":"Supervalem","article_modified_time":"2025-02-20T15:42:09+00:00","twitter_card":"summary_large_image","twitter_misc":{"Estimated reading time":"1 minute"},"schema":{"@context":"https:\/\/schema.org","@graph":[{"@type":"WebPage","@id":"https:\/\/www.supervalem.ee\/en\/balti-aktsiad\/","url":"https:\/\/www.supervalem.ee\/en\/balti-aktsiad\/","name":"Magic formula - Supervalem","isPartOf":{"@id":"https:\/\/supervalem.ee\/#website"},"datePublished":"2022-01-09T17:06:44+00:00","dateModified":"2025-02-20T15:42:09+00:00","description":"Magic formula eesm\u00e4rk on osta keskmisest paremaid ettev\u00f5tteid, kuid ainult siis, kui need on saadaval keskmisest soodsama hinnaga.","breadcrumb":{"@id":"https:\/\/www.supervalem.ee\/en\/balti-aktsiad\/#breadcrumb"},"inLanguage":"en-GB","potentialAction":[{"@type":"ReadAction","target":["https:\/\/www.supervalem.ee\/en\/balti-aktsiad\/"]}]},{"@type":"BreadcrumbList","@id":"https:\/\/www.supervalem.ee\/en\/balti-aktsiad\/#breadcrumb","itemListElement":[{"@type":"ListItem","position":1,"name":"Home","item":"https:\/\/supervalem.ee\/"},{"@type":"ListItem","position":2,"name":"Balti aktsiad"}]},{"@type":"WebSite","@id":"https:\/\/supervalem.ee\/#website","url":"https:\/\/supervalem.ee\/","name":"Supervalem","description":"T\u00f6\u00f6riist Balti b\u00f6rsilt parimate aktsiate leidmiseks","publisher":{"@id":"https:\/\/supervalem.ee\/#organization"},"potentialAction":[{"@type":"SearchAction","target":{"@type":"EntryPoint","urlTemplate":"https:\/\/supervalem.ee\/?s={search_term_string}"},"query-input":{"@type":"PropertyValueSpecification","valueRequired":true,"valueName":"search_term_string"}}],"inLanguage":"en-GB"},{"@type":"Organization","@id":"https:\/\/supervalem.ee\/#organization","name":"Supervalem","url":"https:\/\/supervalem.ee\/","logo":{"@type":"ImageObject","inLanguage":"en-GB","@id":"https:\/\/supervalem.ee\/#\/schema\/logo\/image\/","url":"https:\/\/i0.wp.com\/www.supervalem.ee\/wp-content\/uploads\/2022\/01\/271388953_352891086226864_5891126610765131982_n.png?fit=1447%2C403&ssl=1","contentUrl":"https:\/\/i0.wp.com\/www.supervalem.ee\/wp-content\/uploads\/2022\/01\/271388953_352891086226864_5891126610765131982_n.png?fit=1447%2C403&ssl=1","width":1447,"height":403,"caption":"Supervalem"},"image":{"@id":"https:\/\/supervalem.ee\/#\/schema\/logo\/image\/"}}]}},"jetpack_sharing_enabled":true,"_links":{"self":[{"href":"https:\/\/www.supervalem.ee\/en\/wp-json\/wp\/v2\/pages\/1027","targetHints":{"allow":["GET"]}}],"collection":[{"href":"https:\/\/www.supervalem.ee\/en\/wp-json\/wp\/v2\/pages"}],"about":[{"href":"https:\/\/www.supervalem.ee\/en\/wp-json\/wp\/v2\/types\/page"}],"author":[{"embeddable":true,"href":"https:\/\/www.supervalem.ee\/en\/wp-json\/wp\/v2\/users\/1"}],"replies":[{"embeddable":true,"href":"https:\/\/www.supervalem.ee\/en\/wp-json\/wp\/v2\/comments?post=1027"}],"version-history":[{"count":5,"href":"https:\/\/www.supervalem.ee\/en\/wp-json\/wp\/v2\/pages\/1027\/revisions"}],"predecessor-version":[{"id":1900,"href":"https:\/\/www.supervalem.ee\/en\/wp-json\/wp\/v2\/pages\/1027\/revisions\/1900"}],"wp:attachment":[{"href":"https:\/\/www.supervalem.ee\/en\/wp-json\/wp\/v2\/media?parent=1027"}],"curies":[{"name":"wp","href":"https:\/\/api.w.org\/{rel}","templated":true}]}}